{"id":5099,"date":"2023-03-13T17:29:18","date_gmt":"2023-03-13T17:29:18","guid":{"rendered":"https:\/\/www.sgwla.de\/?page_id=5099"},"modified":"2023-03-13T17:32:19","modified_gmt":"2023-03-13T17:32:19","slug":"woman-sport-informationen","status":"publish","type":"page","link":"https:\/\/www.sgwla.de\/index.php\/woman-sport-informationen\/","title":{"rendered":"Woman Sport Informationen"},"content":{"rendered":"<div class=\"page\" title=\"Page 1\">\n<div class=\"layoutArea\">\n<div class=\"column\">\n<h3><strong>Frauen Power &amp; Spa\u00df an der Bewegung &#8211; JEDE auf ihre Weise!<\/strong><\/h3>\n<p>Wir bieten ein abwechslungsreiches Fitnesstraining f\u00fcr Frauen, die gern in einer reinen Frauengruppe trainieren m\u00f6chten.<\/p>\n<p>Es erwartet euch ein vielseitiges Trainingsprogramm zur Steigerung der Kondition, zur St\u00e4rkung der Muskulatur und zur F\u00f6rderung der Beweglichkeit.<\/p>\n<p>Nicht nur k\u00f6rperliche Fitness, sondern auch Psychische ist Schwerpunkt des Trainings, daher nutzen wir verschiedenste Techniken zur Entspannung &amp; Stressbew\u00e4ltigung.<\/p>\n<h3><strong>Trainingsmethoden<\/strong><\/h3>\n<p><em><strong>Functional Training (Ganzk\u00f6rper):<\/strong><\/em>macht nicht nur Spa\u00df, sondern verbessert Kraft, Ausdauer, Koordination und Beweglichkeit. Im Gegensatz zum isolierten Aufbau einzelner Muskeln machen die komplexen<\/p>\n<p>Bewegungsabl\u00e4ufe ganze Muskelketten fit, verbessern das Zusammenspiel der Muskelgruppen und steigern somit die Leistungsf\u00e4higkeit.<\/p>\n<p><em><strong>Stoffwechseltraining (Ganzk\u00f6rper):<\/strong><\/em>wird die Fettverbrennung auf ein Maximum angekurbelt. Ziel dieses Trainings ist es, dass der K\u00f6rper sowohl in Bewegung als auch in Ruhe mehr Energie verbraucht und daher \u00fcber den ganzen Tag verteilt mehr Kalorien verbrennt.<\/p>\n<p><em><strong>Training der Tiefenmuskulatur:<\/strong><\/em> (mehr Stabilit\u00e4t im Alltag): Bei Bewegungen und insbesondere hohen Belastungen brauchen wir alle Muskeln in einem abgestimmten Zusammenspiel. Die Tiefenmuskulatur befindet sich an der Wirbels\u00e4ule und den Gelenken und reagiert immer reflexartig auf Bewegungen und Positions\u00e4nderungen. Sie ist unter anderem f\u00fcr die Stabilisierung und Positionierung der einzelnen Wirbel der Wirbels\u00e4ule verantwortlich, h\u00e4lt das Becken stabil, sorgt f\u00fcr eine aufrechte K\u00f6rperhaltung und stabilisiert die Gelenke.<\/p>\n<p><em><strong>Bodyweight Training:<\/strong> <\/em>Es werden keine Trainingsger\u00e4te ben\u00f6tigt, stattdessen wird f\u00fcr Sit -ups, Squats oder Lunges das eigene K\u00f6rpergewicht als Widerstand benutzt, um gegen die Schwerkraft anzuk\u00e4mpfen. Auf flexible und abwechslungsreiche Art werden Kraft und Ausdauer, Koordination und Beweglichkeit trainiert.<\/p>\n<p><em><strong>HIIT (hochintensive Intervall-Training):<\/strong> <\/em>Trainingsmethodik, die durch abwechselnde Belastungs- und Erholungsphasen (Intervalle) gekennzeichnet ist. Dabei werden die Erholungsphasen von der Dauer und Intensit\u00e4t kurzzeitig so gestaltet, dass sich der Organismus nicht vollst\u00e4ndig erholen kann. Durch die unvollst\u00e4ndige Erholung wird ein starker Trainingsreiz gesetzt.<\/p>\n<\/div>\n<\/div>\n<\/div>\n<div class=\"page\" title=\"Page 2\">\n<div class=\"layoutArea\">\n<div class=\"column\">\n<p><em><strong>Yoga:<\/strong> <\/em>Wir verbinden ganz unterschiedliche k\u00f6rperliche und geistige \u00dcbungen, um die Fitness zu verbessern und die Entspannung zu f\u00f6rdern.<\/p>\n<p><em><strong>Pilatis:<\/strong> <\/em>Kr\u00e4ftigung der Muskulatur von Beckenboden, Bauch und R\u00fccken.<\/p>\n<p><em><strong>Faszientraining:<\/strong> <\/em>Bewegungstherapeutische und sportliche Trainingsmethode zur gezielten F\u00f6rderung der Eigenschaften des muskul\u00f6sen Bindegewebes. \u00dcbungen mit Hilfe von Faszienrolle und Faszienb\u00e4llen, sowie gezielte Faszienflows \u00dcbungen zur Lockerung und Geschmeidigkeit des Bindegewebes.<\/p>\n<p><em><strong>Walken und\/oderLauftraining:<\/strong> <\/em>Walken und\/oder Laufen sind Ganzk\u00f6rpertrainingsmethoden. Sie st\u00e4rken sowohl unseren K\u00f6rper als auch die Organe. Zugleich wirk en sie sich positiv auf unsere Psyche aus. Walken und\/oder Laufen eignen sich ebenso, als Training f\u00fcr die Tiefenmuskulatur. Denn bei jedem Schritt werden H\u00fcfte und Rumpf stabilisiert, damit diese nicht abkippen. Au\u00dferdem gibt es wohl kaum eine funktionellere Bewegung f\u00fcr die Anatomie des menschlichen K\u00f6rpers, als das Walken und\/oder Laufen.<\/p>\n<h4><span style=\"color: #000000;\"><em>Neugierig geworden?<\/em><\/span><br \/>\n<span style=\"color: #000000;\"><em>Dann komm zum Woman Sport, egal ob Anf\u00e4ngerin oder erfahrene Sportlerin. <\/em><\/span><\/h4>\n<h4><span style=\"color: #000000;\"><em>Susanne &amp; Anke<\/em><\/span><\/h4>\n<p>Neu erworbene Qualifikation Susanne: Ern\u00e4hrungsfachwirtin<\/p>\n<\/div>\n<\/div>\n<\/div>\n","protected":false},"excerpt":{"rendered":"<p>Frauen Power &amp; Spa\u00df an der Bewegung &#8211; JEDE auf ihre Weise! Wir bieten ein abwechslungsreiches Fitnesstraining f\u00fcr Frauen, die gern in einer reinen Frauengruppe trainieren m\u00f6chten. Es erwartet euch ein vielseitiges Trainingsprogramm zur Steigerung der Kondition, zur St\u00e4rkung der Muskulatur und zur F\u00f6rderung der Beweglichkeit. Nicht nur k\u00f6rperliche Fitness, sondern auch Psychische ist Schwerpunkt [&hellip;]<\/p>\n","protected":false},"author":1,"featured_media":0,"parent":0,"menu_order":0,"comment_status":"closed","ping_status":"closed","template":"","meta":{"give_campaign_id":0,"cybocfi_hide_featured_image":"","footnotes":""},"class_list":["post-5099","page","type-page","status-publish","hentry"],"campaignId":"","meta_box":{"imic_strict_no_header":"","imic_page_topbar_show":"","imic_page_specific_header":"","imic_page_logo_image":[],"imic_page_retina_logo_image":[],"imic_page_retina_logo_image_width":"","imic_page_retina_logo_image_height":"","imic_page_layout":"","imic_content_width":"","imic_content_padding_top":"","imic_content_padding_bottom":"","imic_pages_body_bg_color":"","imic_pages_body_bg_image":[],"imic_pages_body_bg_wide":"","imic_pages_body_bg_repeat":"","imic_pages_content_bg_color":"","imic_pages_content_bg_image":[],"imic_pages_content_bg_wide":"","imic_pages_content_bg_repeat":"","imic_page_header_show":"","imic_pages_Choose_slider_display":"0","imic_header_image":[],"imic_pages_select_revolution_from_list":"[rev_slider alias=\\\"newslider2014\\\"]","imic_pages_select_smart_from_list":"","imic_pages_slider_height":"","imic_pages_slider_image":[],"imic_pages_slider_auto_slide":"yes","imic_pages_slider_speed":"","imic_pages_slider_pagination":"yes","imic_pages_slider_direction_arrows":"yes","imic_pages_slider_effects":"fade","imic_pages_banner_color":"","imic_pages_breadcrumb_show":"","imic_pages_title_show":"","imic_pages_banner_bg_color":"","imic_post_page_custom_title":"","imic_pages_banner_text_color":"","imic_pages_title_alignment":"","imic_page_social_share":"","imic_select_sidebar_from_list":"","imic_select_sidebar_position":"","imic_contact_email":"martin_jakob@gmx.de","imic_contact_subject":"","imic_our_location_text":"","imic_contact_map_display":"no","imic_contact_map_box_code":"","imic_Choose_slider_display":"0","imic_select_smart_from_list":"","imic_select_revolution_from_list":"[rev_slider alias=\\\"newslider2014\\\"]","imic_slider_image":[],"imic_slider_auto_slide":"yes","imic_slider_speed":"","imic_slider_pagination":"yes","imic_slider_direction_arrows":"yes","imic_slider_effects":"fade","imic_switch_categories_post":"1","imic_category_to_show_on_home":["126"],"imic_number_of_post_cat":[],"imic_upcoming_area":"1","imic_latest_sermon_events_to_show_on":"letest_event","imic_custom_text_message":"","imic_advanced_event_taxonomy":[],"imic_going_on_events":"1","imic_custom_going_on_events_title":"","imic_advanced_sermons_category":[],"imic_all_event_sermon_url":"","imic_imic_featured_blocks":"1","imic_home_featured_blocks":"","imic_home_row_featured_blocks":[],"imic_home_featured_blocks1":"","imic_home_featured_blocks2":"","imic_home_featured_blocks3":"","imic_imic_upcoming_events":"1","imic_upcoming_event_taxonomy":[],"imic_custom_upcoming_events_title":"","imic_events_to_show_on":"","imic_imic_recent_posts":"1","imic_recent_post_taxonomy":[],"imic_custom_latest_news_title":"","imic_posts_to_show_on":"","imic_recent_posts_rmbutton":"2","imic_recent_posts_rmbutton_text":"","imic_imic_galleries":"1","imic_home_gallery_taxonomy":[],"imic_custom_gallery_title":"","imic_custom_more_galleries_title":"","imic_custom_more_galleries_url":"","imic_galleries_to_show_on":"","imic_galleries_background_image":[],"imic_switch_sermon_album":"1","imic_custom_albums_title":"","imic_number_of_sermon_albums":"","imic_sermon_albums_url":"","imic_gallery_pagination_to_show_on":"","imic_gallery_pagination_columns_layout":"","imic_show_gallery_title":"0","imic_gallery_masonry_to_show_on":"","imic_show_gallery_title_masonry":"0","imic_gallery_filter_columns_layout":"3","imic_show_gallery_title_filter":"0","imic_advanced_gallery_taxonomy":[],"imic_advanced_event_list_taxonomy":[],"imic_advanced_post_taxonomy":[],"imic_advanced_blog_taxonomy":[],"imic_staff_to_show_on":"","imic_staff_grid_column":"","imic_advanced_staff_taxonomy":[],"imic_staff_select_orderby":"ID","imic_staff_select_order":"","imic_staff_excerpt_length":"","imic_events_timeline_view":"future","imic_event_timeline_per_page":"","imic_blog_masonry_thumbnails":"0","imic_albums_select_orderby":"count","imic_albums_select_order":"ASC","imic_sermon_categories_custom_order":["158"]},"_links":{"self":[{"href":"https:\/\/www.sgwla.de\/index.php\/wp-json\/wp\/v2\/pages\/5099","targetHints":{"allow":["GET"]}}],"collection":[{"href":"https:\/\/www.sgwla.de\/index.php\/wp-json\/wp\/v2\/pages"}],"about":[{"href":"https:\/\/www.sgwla.de\/index.php\/wp-json\/wp\/v2\/types\/page"}],"author":[{"embeddable":true,"href":"https:\/\/www.sgwla.de\/index.php\/wp-json\/wp\/v2\/users\/1"}],"replies":[{"embeddable":true,"href":"https:\/\/www.sgwla.de\/index.php\/wp-json\/wp\/v2\/comments?post=5099"}],"version-history":[{"count":3,"href":"https:\/\/www.sgwla.de\/index.php\/wp-json\/wp\/v2\/pages\/5099\/revisions"}],"predecessor-version":[{"id":5835,"href":"https:\/\/www.sgwla.de\/index.php\/wp-json\/wp\/v2\/pages\/5099\/revisions\/5835"}],"wp:attachment":[{"href":"https:\/\/www.sgwla.de\/index.php\/wp-json\/wp\/v2\/media?parent=5099"}],"curies":[{"name":"wp","href":"https:\/\/api.w.org\/{rel}","templated":true}]}}