{"id":5061,"date":"2023-01-15T14:19:38","date_gmt":"2023-01-15T14:19:38","guid":{"rendered":"https:\/\/www.sgwla.de\/?page_id=5061"},"modified":"2026-03-25T09:24:18","modified_gmt":"2026-03-25T09:24:18","slug":"trainingszeiten-2023","status":"publish","type":"page","link":"https:\/\/www.sgwla.de\/index.php\/trainingszeiten-2023\/","title":{"rendered":"Trainingszeiten"},"content":{"rendered":"\n<figure class=\"wp-block-table\"><table class=\"has-fixed-layout\"><tbody><tr><td><span style=\"color: #ff0000;\"><strong>Little Kids U08\/U10&nbsp;<\/strong><\/span><\/td><td>&nbsp;<\/td><\/tr><tr><td>Montag 16:30 -18:00 Uhr<\/td><td>April bis September (Sportpark Wei\u00dfig)<\/td><\/tr><tr><td>&nbsp;<\/td><td>Oktober bis M\u00e4rz (TH OS Wei\u00dfig)<\/td><\/tr><tr><td>&nbsp;<\/td><td>&nbsp;<\/td><\/tr><tr><td><strong><span style=\"color: #ff0000;\">Kids 1 U12\u00a0<\/span><\/strong><\/td><td>&nbsp;<\/td><\/tr><tr><td>Mittwoch 16:00 &#8211; 17:30 Uhr<\/td><td>April bis September (Sportpark Wei\u00dfig)<\/td><\/tr><tr><td>Freitag \u00a0 \u00a016:00 &#8211; 17:30 Uhr (auf Anfrage)<\/td><td>Oktober bis M\u00e4rz (TH Schullwitz)<\/td><\/tr><tr><td>&nbsp;<\/td><td>&nbsp;<\/td><\/tr><tr><td><strong><span style=\"color: #ff0000;\">Kids 2 U14&nbsp;<\/span><\/strong><\/td><td>&nbsp;<\/td><\/tr><tr><td>Montag 16:00 -17:45 Uhr (auf Anfrage)<\/td><td>April bis September (Sportpark Wei\u00dfig)<\/td><\/tr><tr><td>Dienstag 16:00 &#8211; 17:45 Uhr<\/td><td>Oktober bis M\u00e4rz, Mo u. Fr. (TH OS Wei\u00dfig) Di. (GS Sch\u00f6nfeld)<\/td><\/tr><tr><td>Donnerstag 16:00 &#8211; 17:45 Uhr<\/td><td>Trainingszeiten im Winter k\u00f6nnen abweichen<\/td><\/tr><tr><td>&nbsp;<\/td><td>&nbsp;<\/td><\/tr><tr><td><strong><span style=\"color: #ff0000;\">Teens 1&nbsp; U16&nbsp;<\/span><\/strong><\/td><td>&nbsp;<\/td><\/tr><tr><td>Montag &nbsp; &nbsp;16:30 &#8211; 18:30 Uhr<\/td><td>April bis September (Sportpark Wei\u00dfig)<\/td><\/tr><tr><td>Mittwoch 16:30 &#8211; 18:30 Uhr<\/td><td>Oktober bis M\u00e4rz (TH OS Wei\u00dfig)<\/td><\/tr><tr><td>Freitag &nbsp; &nbsp; 16:30 &#8211; 18:30 Uhr<\/td><td>Trainingszeiten im Winter k\u00f6nnen abweichen<\/td><\/tr><tr><td>&nbsp;<\/td><td>&nbsp;<\/td><\/tr><tr><td><strong><span style=\"color: #ff0000;\">Teens 2 U18 aufw\u00e4rts&nbsp;<\/span><\/strong><\/td><td>&nbsp;<\/td><\/tr><tr><td>Dienstag 17:30 &#8211; 19:30<\/td><td>April bis September (Sportpark Wei\u00dfig)<\/td><\/tr><tr><td>Freitag 17:30 &#8211; 19:30<\/td><td>Oktober bis M\u00e4rz (TH OS Wei\u00dfig)<\/td><\/tr><tr><td>&nbsp;<\/td><td>Trainingszeiten im Winter k\u00f6nnen abweichen<\/td><\/tr><tr><td>&nbsp;<\/td><td>&nbsp;<\/td><\/tr><tr><td><strong><span style=\"color: #ff0000;\">Lauf- &amp; Wurfgruppe ab (U14)<\/span><\/strong><\/td><td>&nbsp;<\/td><\/tr><tr><td>Montag 16:45 &#8211; 18:30 Uhr<\/td><td>ganzj\u00e4hrig (Sportpark Wei\u00dfig)<\/td><\/tr><tr><td>&nbsp;<\/td><td>Trainingszeiten im Winter k\u00f6nnen abweichen<\/td><\/tr><tr><td>&nbsp;<\/td><td>&nbsp;<\/td><\/tr><tr><td><strong><span style=\"color: #ff0000;\">Stabhochsprung ab (U14)<\/span><\/strong><\/td><td>&nbsp;<\/td><\/tr><tr><td>Mittwoch 17:30 &#8211; 19:30 Uhr<\/td><td>April bis September Mi. u. Sa. (Stadion am Kohlberg Pirna)<\/td><\/tr><tr><td>Samstag 9:00- 11:00 Uhr<\/td><td>Oktober bis M\u00e4rz (TH OS Wei\u00dfig)<\/td><\/tr><tr><td>Samstag 12:00 &#8211; 14:00 Uhr nach Absprache<\/td><td>Oktober bis M\u00e4rz (Halle DSC)<\/td><\/tr><tr><td>&nbsp;<\/td><td>&nbsp;<\/td><\/tr><tr><td><strong><span style=\"color: #ff0000;\">Breitensport (U14, U16)<\/span><\/strong><\/td><td><\/td><\/tr><tr><td>Donnerstag 16:00-18:00 (Sommer)<\/td><td>April bis September (Sportpark Wei\u00dfig)<\/td><\/tr><tr><td>Freitag 16:45-18:00 (Winter)<\/td><td>Oktober bis M\u00e4rz (TH OS Wei\u00dfig)<\/td><\/tr><tr><td><\/td><td><\/td><\/tr><tr><td><strong><span style=\"color: #ff0000;\">Womansport <\/span><\/strong><br><\/td><td><a href=\"https:\/\/www.sgwla.de\/index.php\/woman-sport-informationen\/\"><span style=\"color: #3366ff;\"><strong>Link &#8211; weitere Informationen<\/strong><\/span><\/a><\/td><\/tr><tr><td>Dienstag 19:00 &#8211; 20:00 Uhr<\/td><td>Das Training findet abwechslungsreich im Hochland, in der Heide, im Sportpark Wei\u00dfig oder<\/td><\/tr><tr><td>(auch w\u00e4hrend der Schulferien)<\/td><td>Wintermonate (TH OS Wei\u00dfig)<\/td><\/tr><tr><td>Donnerstag 18:00 -19:30 Uhr<\/td><td>Mindful &amp; Strong<\/td><\/tr><tr><td>&nbsp;<\/td><td><a href=\"https:\/\/www.sgwla.de\/index.php\/mindful-and-strong\/\">Link &#8211; weitere Informationen<\/a><\/td><\/tr><tr><td>&nbsp;<\/td><td>Outdoor &#8211; Treff: Parkplatz beim Gasthof Wei\u00dfig<\/td><\/tr><tr><td>&nbsp;<\/td><td>&nbsp;<\/td><\/tr><\/tbody><\/table><\/figure>\n","protected":false},"excerpt":{"rendered":"<p>Little Kids U08\/U10&nbsp; &nbsp; Montag 16:30 -18:00 Uhr April bis September (Sportpark Wei\u00dfig) &nbsp; Oktober bis M\u00e4rz (TH OS Wei\u00dfig) &nbsp; &nbsp; Kids 1 U12\u00a0 &nbsp; Mittwoch 16:00 &#8211; 17:30 Uhr April bis September (Sportpark Wei\u00dfig) Freitag \u00a0 \u00a016:00 &#8211; 17:30 Uhr (auf Anfrage) Oktober bis M\u00e4rz (TH Schullwitz) &nbsp; &nbsp; Kids 2 U14&nbsp; &nbsp; [&hellip;]<\/p>\n","protected":false},"author":1,"featured_media":0,"parent":0,"menu_order":0,"comment_status":"closed","ping_status":"closed","template":"","meta":{"give_campaign_id":0,"cybocfi_hide_featured_image":"","footnotes":""},"class_list":["post-5061","page","type-page","status-publish","hentry"],"campaignId":"","meta_box":{"imic_strict_no_header":"0","imic_page_topbar_show":"","imic_page_specific_header":"","imic_page_logo_image":[],"imic_page_retina_logo_image":[],"imic_page_retina_logo_image_width":"","imic_page_retina_logo_image_height":"","imic_page_layout":"","imic_content_width":"","imic_content_padding_top":"","imic_content_padding_bottom":"","imic_pages_body_bg_color":"","imic_pages_body_bg_image":[],"imic_pages_body_bg_wide":"1","imic_pages_body_bg_repeat":"repeat","imic_pages_content_bg_color":"","imic_pages_content_bg_image":[],"imic_pages_content_bg_wide":"1","imic_pages_content_bg_repeat":"repeat","imic_page_header_show":"1","imic_pages_Choose_slider_display":"0","imic_header_image":[],"imic_pages_select_revolution_from_list":"1","imic_pages_select_smart_from_list":"","imic_pages_slider_height":"","imic_pages_slider_image":[],"imic_pages_slider_auto_slide":"yes","imic_pages_slider_speed":"","imic_pages_slider_pagination":"yes","imic_pages_slider_direction_arrows":"yes","imic_pages_slider_effects":"fade","imic_pages_banner_color":"","imic_pages_breadcrumb_show":"1","imic_pages_title_show":"1","imic_pages_banner_bg_color":"","imic_post_page_custom_title":"","imic_pages_banner_text_color":"","imic_pages_title_alignment":"","imic_page_social_share":"1","imic_select_sidebar_from_list":"","imic_select_sidebar_position":"","imic_contact_email":"martin_jakob@gmx.de","imic_contact_subject":"","imic_our_location_text":"","imic_contact_map_display":"no","imic_contact_map_box_code":"","imic_Choose_slider_display":"0","imic_select_smart_from_list":"","imic_select_revolution_from_list":"1","imic_slider_image":[],"imic_slider_auto_slide":"yes","imic_slider_speed":"","imic_slider_pagination":"yes","imic_slider_direction_arrows":"yes","imic_slider_effects":"fade","imic_switch_categories_post":"1","imic_category_to_show_on_home":["126"],"imic_number_of_post_cat":[],"imic_upcoming_area":"1","imic_latest_sermon_events_to_show_on":"letest_event","imic_custom_text_message":"","imic_advanced_event_taxonomy":[],"imic_going_on_events":"1","imic_custom_going_on_events_title":"","imic_advanced_sermons_category":[],"imic_all_event_sermon_url":"","imic_imic_featured_blocks":"1","imic_home_featured_blocks":"","imic_home_row_featured_blocks":[],"imic_home_featured_blocks1":"","imic_home_featured_blocks2":"","imic_home_featured_blocks3":"","imic_imic_upcoming_events":"1","imic_upcoming_event_taxonomy":[],"imic_custom_upcoming_events_title":"","imic_events_to_show_on":"","imic_imic_recent_posts":"1","imic_recent_post_taxonomy":[],"imic_custom_latest_news_title":"","imic_posts_to_show_on":"","imic_recent_posts_rmbutton":"2","imic_recent_posts_rmbutton_text":"","imic_imic_galleries":"1","imic_home_gallery_taxonomy":[],"imic_custom_gallery_title":"","imic_custom_more_galleries_title":"","imic_custom_more_galleries_url":"","imic_galleries_to_show_on":"","imic_galleries_background_image":[],"imic_switch_sermon_album":"1","imic_custom_albums_title":"","imic_number_of_sermon_albums":"","imic_sermon_albums_url":"","imic_gallery_pagination_to_show_on":"","imic_gallery_pagination_columns_layout":"","imic_show_gallery_title":"0","imic_gallery_masonry_to_show_on":"","imic_show_gallery_title_masonry":"0","imic_gallery_filter_columns_layout":"3","imic_show_gallery_title_filter":"0","imic_advanced_gallery_taxonomy":[],"imic_advanced_event_list_taxonomy":[],"imic_advanced_post_taxonomy":[],"imic_advanced_blog_taxonomy":[],"imic_staff_to_show_on":"","imic_staff_grid_column":"4","imic_advanced_staff_taxonomy":[],"imic_staff_select_orderby":"ID","imic_staff_select_order":"ASC","imic_staff_excerpt_length":"","imic_events_timeline_view":"future","imic_event_timeline_per_page":"","imic_blog_masonry_thumbnails":"0","imic_albums_select_orderby":"count","imic_albums_select_order":"ASC","imic_sermon_categories_custom_order":["158"]},"_links":{"self":[{"href":"https:\/\/www.sgwla.de\/index.php\/wp-json\/wp\/v2\/pages\/5061","targetHints":{"allow":["GET"]}}],"collection":[{"href":"https:\/\/www.sgwla.de\/index.php\/wp-json\/wp\/v2\/pages"}],"about":[{"href":"https:\/\/www.sgwla.de\/index.php\/wp-json\/wp\/v2\/types\/page"}],"author":[{"embeddable":true,"href":"https:\/\/www.sgwla.de\/index.php\/wp-json\/wp\/v2\/users\/1"}],"replies":[{"embeddable":true,"href":"https:\/\/www.sgwla.de\/index.php\/wp-json\/wp\/v2\/comments?post=5061"}],"version-history":[{"count":21,"href":"https:\/\/www.sgwla.de\/index.php\/wp-json\/wp\/v2\/pages\/5061\/revisions"}],"predecessor-version":[{"id":6052,"href":"https:\/\/www.sgwla.de\/index.php\/wp-json\/wp\/v2\/pages\/5061\/revisions\/6052"}],"wp:attachment":[{"href":"https:\/\/www.sgwla.de\/index.php\/wp-json\/wp\/v2\/media?parent=5061"}],"curies":[{"name":"wp","href":"https:\/\/api.w.org\/{rel}","templated":true}]}}