{"id":1981,"date":"2019-01-21T18:15:16","date_gmt":"2019-01-21T18:15:16","guid":{"rendered":"http:\/\/www.sgwla.de\/?page_id=1981"},"modified":"2020-11-27T13:19:46","modified_gmt":"2020-11-27T13:19:46","slug":"kids-ii-infos","status":"publish","type":"page","link":"https:\/\/www.sgwla.de\/index.php\/kids-ii-infos\/","title":{"rendered":"Kids II Infos"},"content":{"rendered":"<h1>&nbsp;<\/h1>\n<h1>&nbsp;<\/h1>\n<p><iframe src=\"https:\/\/calendar.myadvent.net?id=a67987ba2f55871018d30efb0920be0e\" class=\"myadvent-calendar\" frameBorder=\"0\" scrolling=\"no\" style=\"width: 100%; min-height: 600px\"><\/iframe> <script src=\"https:\/\/code.myadvent.net\/autoResize_1.0.0.min.js\"><\/script><\/p>\n<h1>Trainingsgruppe &#8222;Kids 2&#8220;<\/h1>\n<h1>10-11 Jahre (U12)<\/h1>\n<h2>Biologische Entwicklung<\/h2>\n<ul>\n<li>Harmonisches L\u00e4ngen- und Breitenwachstum<\/li>\n<li>Muskulatur bekommt ausgepr\u00e4gte Konturen<\/li>\n<li>Skelettwachstum ist noch&nbsp;<strong>nicht<\/strong>&nbsp;abgeschlossen<\/li>\n<li>Geschlechtsspezifische Leistungsunterschiede in der Kraft, der Schnelligkeit und der rhythmischen Ausdrucksf\u00e4higkeit<\/li>\n<li>Bewegungstempo nimmt stark zu<\/li>\n<\/ul>\n<h2>Trainingsinhalte:<\/h2>\n<ul>\n<li><strong>Erste<\/strong>&nbsp;Feinauspr\u00e4gung in den Bewegungsabl\u00e4ufen<\/li>\n<li>Wettk\u00e4mpfe im Training<\/li>\n<li>Reaktion und aerobe Ausdauer<\/li>\n<li><strong>immer noch Koordination vor Kondition!<\/strong><\/li>\n<li>Entwicklung&nbsp;<strong>leichtathletischer Grundfertigkeiten<\/strong><\/li>\n<\/ul>\n<p><strong>Kinderleichtathletik (U12)<\/strong><\/p>\n<ul>\n<li>Freude an der Bewegung, am Bewegungserwerb und am Wettspiel<\/li>\n<li>Erleben der Leichtathletik im Team<\/li>\n<li>Vielseitige, sportart\u00fcbergreifende koordinative Grundlagen<\/li>\n<li>Erwerb von Vorstufen leichtathletischer Techniken wie schnelles und ausdauerndes Laufen, gerader Wurf und Sto\u00df, Mehrfach und Steigerungsspr\u00fcnge (=Fundamental\u00fcbungen)<\/li>\n<li>Kennenlernen anderer Sportarten<\/li>\n<\/ul>\n<p>Quelle: Verbandstrainer Wolfgang Killing(2015): Jugendleichtathletik<\/p>\n<div class=\"ead-preview\"><div class=\"ead-document\" style=\"position: relative;padding-top: 90%;\"><div class=\"ead-iframe-wrapper\"><iframe src=\"\/\/docs.google.com\/viewer?url=http%3A%2F%2Fwww.sgwla.de%2Fwp-content%2Fuploads%2F2019%2F01%2FKinderleichtathletik_DLV.pdf&amp;embedded=true&amp;hl=en\" title=\"Eingebettetes Dokument\" class=\"ead-iframe\" style=\"width: 100%;height: 100%;border: none;position: absolute;left: 0;top: 0;visibility: hidden;\"><\/iframe><\/div>\t\t\t<div class=\"ead-document-loading\" style=\"width:100%;height:100%;position:absolute;left:0;top:0;z-index:10;\">\n\t\t\t\t<div class=\"ead-loading-wrap\">\n\t\t\t\t\t<div class=\"ead-loading-main\">\n\t\t\t\t\t\t<div class=\"ead-loading\">\n\t\t\t\t\t\t\t<img decoding=\"async\" src=\"https:\/\/www.sgwla.de\/wp-content\/plugins\/embed-any-document\/images\/loading.svg\" width=\"55\" height=\"55\" alt=\"Loader\">\n\t\t\t\t\t\t\t<span>Wird geladen\u00a0\u2026<\/span>\n\t\t\t\t\t\t<\/div>\n\t\t\t\t\t<\/div>\n\t\t\t\t\t<div class=\"ead-loading-foot\">\n\t\t\t\t\t\t<div class=\"ead-loading-foot-title\">\n\t\t\t\t\t\t\t<img decoding=\"async\" src=\"https:\/\/www.sgwla.de\/wp-content\/plugins\/embed-any-document\/images\/EAD-logo.svg\" alt=\"EAD-Logo\" width=\"36\" height=\"23\"\/>\n\t\t\t\t\t\t\t<span>Es dauert zu lange?<\/span>\n\t\t\t\t\t\t<\/div>\n\t\t\t\t\t\t<p>\n\t\t\t\t\t\t\t<div class=\"ead-document-btn ead-reload-btn\" role=\"button\">\n\t\t\t\t\t\t\t\t<img decoding=\"async\" src=\"https:\/\/www.sgwla.de\/wp-content\/plugins\/embed-any-document\/images\/reload.svg\" alt=\"Neu laden\" width=\"12\" height=\"12\"\/> Dokument neu laden\t\t\t\t\t\t\t<\/div>\n\t\t\t\t\t\t\t<span>|<\/span>\n\t\t\t\t\t\t\t<a href=\"http:\/\/www.sgwla.de\/wp-content\/uploads\/2019\/01\/Kinderleichtathletik_DLV.pdf\" class=\"ead-document-btn\" target=\"_blank\">\n\t\t\t\t\t\t\t\t<img decoding=\"async\" src=\"https:\/\/www.sgwla.de\/wp-content\/plugins\/embed-any-document\/images\/open.svg\" alt=\"\u00d6ffnen\" width=\"12\" height=\"12\"\/> In einem neuen Tab \u00f6ffnen\t\t\t\t\t\t\t<\/a>\n\t\t\t\t\t<\/div>\n\t\t\t\t<\/div>\n\t\t\t<\/div>\n\t\t<\/div><p class=\"embed_download\"><a href=\"http:\/\/www.sgwla.de\/wp-content\/uploads\/2019\/01\/Kinderleichtathletik_DLV.pdf\" download>Download [162.00 B] <\/a><\/p><\/div>\n<div class=\"ead-preview\"><div class=\"ead-document\" style=\"position: relative;padding-top: 90%;\"><div class=\"ead-iframe-wrapper\"><iframe src=\"\/\/docs.google.com\/viewer?url=http%3A%2F%2Fwww.sgwla.de%2Fwp-content%2Fuploads%2F2019%2F01%2FKiLa_Flyer_Web_2018.pdf&amp;embedded=true&amp;hl=en\" title=\"Eingebettetes Dokument\" class=\"ead-iframe\" style=\"width: 100%;height: 100%;border: none;position: absolute;left: 0;top: 0;visibility: hidden;\"><\/iframe><\/div>\t\t\t<div class=\"ead-document-loading\" style=\"width:100%;height:100%;position:absolute;left:0;top:0;z-index:10;\">\n\t\t\t\t<div class=\"ead-loading-wrap\">\n\t\t\t\t\t<div class=\"ead-loading-main\">\n\t\t\t\t\t\t<div class=\"ead-loading\">\n\t\t\t\t\t\t\t<img decoding=\"async\" src=\"https:\/\/www.sgwla.de\/wp-content\/plugins\/embed-any-document\/images\/loading.svg\" width=\"55\" height=\"55\" alt=\"Loader\">\n\t\t\t\t\t\t\t<span>Wird geladen\u00a0\u2026<\/span>\n\t\t\t\t\t\t<\/div>\n\t\t\t\t\t<\/div>\n\t\t\t\t\t<div class=\"ead-loading-foot\">\n\t\t\t\t\t\t<div class=\"ead-loading-foot-title\">\n\t\t\t\t\t\t\t<img decoding=\"async\" src=\"https:\/\/www.sgwla.de\/wp-content\/plugins\/embed-any-document\/images\/EAD-logo.svg\" alt=\"EAD-Logo\" width=\"36\" height=\"23\"\/>\n\t\t\t\t\t\t\t<span>Es dauert zu lange?<\/span>\n\t\t\t\t\t\t<\/div>\n\t\t\t\t\t\t<p>\n\t\t\t\t\t\t\t<div class=\"ead-document-btn ead-reload-btn\" role=\"button\">\n\t\t\t\t\t\t\t\t<img decoding=\"async\" src=\"https:\/\/www.sgwla.de\/wp-content\/plugins\/embed-any-document\/images\/reload.svg\" alt=\"Neu laden\" width=\"12\" height=\"12\"\/> Dokument neu laden\t\t\t\t\t\t\t<\/div>\n\t\t\t\t\t\t\t<span>|<\/span>\n\t\t\t\t\t\t\t<a href=\"http:\/\/www.sgwla.de\/wp-content\/uploads\/2019\/01\/KiLa_Flyer_Web_2018.pdf\" class=\"ead-document-btn\" target=\"_blank\">\n\t\t\t\t\t\t\t\t<img decoding=\"async\" src=\"https:\/\/www.sgwla.de\/wp-content\/plugins\/embed-any-document\/images\/open.svg\" alt=\"\u00d6ffnen\" width=\"12\" height=\"12\"\/> In einem neuen Tab \u00f6ffnen\t\t\t\t\t\t\t<\/a>\n\t\t\t\t\t<\/div>\n\t\t\t\t<\/div>\n\t\t\t<\/div>\n\t\t<\/div><p class=\"embed_download\"><a href=\"http:\/\/www.sgwla.de\/wp-content\/uploads\/2019\/01\/KiLa_Flyer_Web_2018.pdf\" download>Download [162.00 B] <\/a><\/p><\/div>\n","protected":false},"excerpt":{"rendered":"<p>&nbsp; &nbsp; Trainingsgruppe &#8222;Kids 2&#8220; 10-11 Jahre (U12) Biologische Entwicklung Harmonisches L\u00e4ngen- und Breitenwachstum Muskulatur bekommt ausgepr\u00e4gte Konturen Skelettwachstum ist noch&nbsp;nicht&nbsp;abgeschlossen Geschlechtsspezifische Leistungsunterschiede in der Kraft, der Schnelligkeit und der rhythmischen Ausdrucksf\u00e4higkeit Bewegungstempo nimmt stark zu Trainingsinhalte: Erste&nbsp;Feinauspr\u00e4gung in den Bewegungsabl\u00e4ufen Wettk\u00e4mpfe im Training Reaktion und aerobe Ausdauer immer noch Koordination vor Kondition! Entwicklung&nbsp;leichtathletischer Grundfertigkeiten [&hellip;]<\/p>\n","protected":false},"author":1,"featured_media":0,"parent":0,"menu_order":0,"comment_status":"closed","ping_status":"closed","template":"","meta":{"give_campaign_id":0,"cybocfi_hide_featured_image":"","footnotes":""},"class_list":["post-1981","page","type-page","status-publish","hentry"],"campaignId":"","meta_box":{"imic_strict_no_header":"","imic_page_topbar_show":"","imic_page_specific_header":"","imic_page_logo_image":[],"imic_page_retina_logo_image":[],"imic_page_retina_logo_image_width":"","imic_page_retina_logo_image_height":"","imic_page_layout":"","imic_content_width":"","imic_content_padding_top":"","imic_content_padding_bottom":"","imic_pages_body_bg_color":"","imic_pages_body_bg_image":[],"imic_pages_body_bg_wide":"","imic_pages_body_bg_repeat":"","imic_pages_content_bg_color":"","imic_pages_content_bg_image":[],"imic_pages_content_bg_wide":"","imic_pages_content_bg_repeat":"","imic_page_header_show":"","imic_pages_Choose_slider_display":"0","imic_header_image":[],"imic_pages_select_revolution_from_list":"[rev_slider alias=\\\"newslider2014\\\"]","imic_pages_select_smart_from_list":"","imic_pages_slider_height":"","imic_pages_slider_image":[],"imic_pages_slider_auto_slide":"yes","imic_pages_slider_speed":"","imic_pages_slider_pagination":"yes","imic_pages_slider_direction_arrows":"yes","imic_pages_slider_effects":"fade","imic_pages_banner_color":"","imic_pages_breadcrumb_show":"","imic_pages_title_show":"","imic_pages_banner_bg_color":"","imic_post_page_custom_title":"","imic_pages_banner_text_color":"","imic_pages_title_alignment":"","imic_page_social_share":"","imic_select_sidebar_from_list":"","imic_select_sidebar_position":"","imic_contact_email":"martin_jakob@gmx.de","imic_contact_subject":"","imic_our_location_text":"","imic_contact_map_display":"no","imic_contact_map_box_code":"","imic_Choose_slider_display":"0","imic_select_smart_from_list":"","imic_select_revolution_from_list":"[rev_slider alias=\\\"newslider2014\\\"]","imic_slider_image":[],"imic_slider_auto_slide":"yes","imic_slider_speed":"","imic_slider_pagination":"yes","imic_slider_direction_arrows":"yes","imic_slider_effects":"fade","imic_switch_categories_post":"1","imic_category_to_show_on_home":["79"],"imic_number_of_post_cat":[],"imic_upcoming_area":"1","imic_latest_sermon_events_to_show_on":"letest_event","imic_custom_text_message":"","imic_advanced_event_taxonomy":[],"imic_going_on_events":"1","imic_custom_going_on_events_title":"","imic_advanced_sermons_category":[],"imic_all_event_sermon_url":"","imic_imic_featured_blocks":"1","imic_home_featured_blocks":"","imic_home_row_featured_blocks":[],"imic_home_featured_blocks1":"","imic_home_featured_blocks2":"","imic_home_featured_blocks3":"","imic_imic_upcoming_events":"1","imic_upcoming_event_taxonomy":[],"imic_custom_upcoming_events_title":"","imic_events_to_show_on":"","imic_imic_recent_posts":"1","imic_recent_post_taxonomy":[],"imic_custom_latest_news_title":"","imic_posts_to_show_on":"","imic_recent_posts_rmbutton":"2","imic_recent_posts_rmbutton_text":"","imic_imic_galleries":"1","imic_home_gallery_taxonomy":[],"imic_custom_gallery_title":"","imic_custom_more_galleries_title":"","imic_custom_more_galleries_url":"","imic_galleries_to_show_on":"","imic_galleries_background_image":[],"imic_switch_sermon_album":"1","imic_custom_albums_title":"","imic_number_of_sermon_albums":"","imic_sermon_albums_url":"","imic_gallery_pagination_to_show_on":"","imic_gallery_pagination_columns_layout":"","imic_show_gallery_title":"0","imic_gallery_masonry_to_show_on":"","imic_show_gallery_title_masonry":"0","imic_gallery_filter_columns_layout":"3","imic_show_gallery_title_filter":"0","imic_advanced_gallery_taxonomy":[],"imic_advanced_event_list_taxonomy":[],"imic_advanced_post_taxonomy":[],"imic_advanced_blog_taxonomy":[],"imic_staff_to_show_on":"","imic_staff_grid_column":"","imic_advanced_staff_taxonomy":[],"imic_staff_select_orderby":"ID","imic_staff_select_order":"","imic_staff_excerpt_length":"","imic_events_timeline_view":"future","imic_event_timeline_per_page":"","imic_blog_masonry_thumbnails":"0","imic_albums_select_orderby":"count","imic_albums_select_order":"ASC","imic_sermon_categories_custom_order":["65"]},"_links":{"self":[{"href":"https:\/\/www.sgwla.de\/index.php\/wp-json\/wp\/v2\/pages\/1981","targetHints":{"allow":["GET"]}}],"collection":[{"href":"https:\/\/www.sgwla.de\/index.php\/wp-json\/wp\/v2\/pages"}],"about":[{"href":"https:\/\/www.sgwla.de\/index.php\/wp-json\/wp\/v2\/types\/page"}],"author":[{"embeddable":true,"href":"https:\/\/www.sgwla.de\/index.php\/wp-json\/wp\/v2\/users\/1"}],"replies":[{"embeddable":true,"href":"https:\/\/www.sgwla.de\/index.php\/wp-json\/wp\/v2\/comments?post=1981"}],"version-history":[{"count":3,"href":"https:\/\/www.sgwla.de\/index.php\/wp-json\/wp\/v2\/pages\/1981\/revisions"}],"predecessor-version":[{"id":4227,"href":"https:\/\/www.sgwla.de\/index.php\/wp-json\/wp\/v2\/pages\/1981\/revisions\/4227"}],"wp:attachment":[{"href":"https:\/\/www.sgwla.de\/index.php\/wp-json\/wp\/v2\/media?parent=1981"}],"curies":[{"name":"wp","href":"https:\/\/api.w.org\/{rel}","templated":true}]}}