{"id":1754,"date":"2019-01-12T12:40:31","date_gmt":"2019-01-12T12:40:31","guid":{"rendered":"http:\/\/www.sgwla.de\/?page_id=1754"},"modified":"2025-11-13T11:16:15","modified_gmt":"2025-11-13T11:16:15","slug":"litte-kids-8-10-jahre","status":"publish","type":"page","link":"https:\/\/www.sgwla.de\/index.php\/litte-kids-8-10-jahre\/","title":{"rendered":"Litte Kids (U8, U10)"},"content":{"rendered":"<div class=\"tmm tmm_little-kids\"><div class=\"tmm_3_columns tmm_wrap tmm_theme_f\"><span class=\"tmm_two_containers_tablet\"><\/span><div class=\"tmm_container\"><div class=\"tmm_member\" style=\"border-top:#333333 solid 5px;\"><div class=\"tmm_textblock\"><div class=\"tmm_names\"><span class=\"tmm_fname\">Juliane<\/span> <span class=\"tmm_lname\">Voigt<\/span><\/div><div class=\"tmm_job\">Trainerin<\/div><div class=\"tmm_desc\" style=\"text-align:center\"><p>Jahrgang: 1987<\/p><\/div><div class=\"tmm_scblock\"><\/div><\/div><\/div><div class=\"tmm_member\" style=\"border-top:#333333 solid 5px;\"><div class=\"tmm_photo tmm_pic_little-kids_1\" style=\"background: url(http:\/\/www.sgwla.de\/wp-content\/uploads\/2026\/03\/1000005994-scaled.jpg); margin-left: auto; margin-right:auto; background-size:cover !important;\"><\/div><div class=\"tmm_textblock\"><div class=\"tmm_names\"><span class=\"tmm_fname\">Christin<\/span> <span class=\"tmm_lname\">Winkelmann<\/span><\/div><div class=\"tmm_job\">Trainerin<\/div><div class=\"tmm_desc\" style=\"text-align:center\"><p class=\"MsoNormal\"><span style=\"font-family: 'Arial',sans-serif\">Christin\u00a0Winkelmann<\/span><\/p><p class=\"MsoNormal\"><span style=\"font-family: 'Arial',sans-serif\">Trainerin<\/span><\/p><p class=\"MsoNormal\"><span style=\"font-family: 'Arial',sans-serif\">Christin\u00a0Winkelmann<\/span><\/p><p class=\"MsoNormal\"><span style=\"font-family: 'Arial',sans-serif\">Trainerin<\/span><\/p><p class=\"MsoNormal\"><span style=\"font-family: 'Arial',sans-serif\">Jahrgang: 1986<\/span><\/p><p class=\"MsoNormal\"><span style=\"font-family: 'Arial',sans-serif\">Qualifikationen: C Lizenz Leichtathletik (Leistungssport)<\/span><\/p><p class=\"MsoNormal\"><span style=\"font-family: 'Arial',sans-serif\">Wer ich bin: Ich unterst\u00fctze die Trainer der Teens 1 und die Trainerinnen der Little Kids. In meiner Kindheit und Jugend spielte ich aktiv Fu\u00dfball und begeistere mich noch heute f\u00fcr jegliche Ballsportart. In meiner Freizeit bin ich sehr gern in der Natur unterwegs, ob bei ausgiebigen Spazierg\u00e4ngen mit unserem Hund, beim Wandern oder Radfahren. Ich habe selbst zwei Kinder und freue mich, durch den Verein den Kindern und Jugendlichen die M\u00f6glichkeit zu geben, Freude und Spa\u00df an der Bewegung zu haben.<\/span><\/p><\/div><div class=\"tmm_scblock\"><\/div><\/div><\/div><span class=\"tmm_two_containers_tablet\"><\/span><div class=\"tmm_member\" style=\"border-top:#333333 solid 5px;\"><div class=\"tmm_photo tmm_pic_little-kids_2\" style=\"background: url(http:\/\/www.sgwla.de\/wp-content\/uploads\/2019\/01\/KatrinK\u00e4fferlein.jpg); margin-left: auto; margin-right:auto; background-size:cover !important;\"><\/div><div class=\"tmm_textblock\"><div class=\"tmm_names\"><span class=\"tmm_fname\">Katrin<\/span> <span class=\"tmm_lname\">K\u00e4fferlein<\/span><\/div><div class=\"tmm_job\">Trainerin<\/div><div class=\"tmm_desc\" style=\"text-align:center\"><p class=\"MsoNormal\"><span style=\"font-family: 'Arial',sans-serif\">Trainerin<\/span><\/p><p class=\"MsoNormal\"><span style=\"font-family: 'Arial',sans-serif\">Jahrgang: 1973<\/span><\/p><p class=\"MsoNormal\"><span style=\"font-family: 'Arial',sans-serif\">Qualifikation:\u00a0Grundlehrgang \u00dcbungsleiter, Anw. Kampfrichter<\/span><\/p><p class=\"MsoNormal\"><span style=\"font-family: 'Arial',sans-serif\">Wer bin ich: Mit sehr viel Freude und Begeisterung betreue ich seit kurzem die Little Kids bei der SG Weissig mit. In meiner Freizeit bin ich gern mit dem Fahrrad und auf Skiern unterwegs. Als Krankenschwester Katrin\u00a0K\u00e4fferlein<\/span><\/p><p class=\"MsoNormal\"><span style=\"font-family: 'Arial',sans-serif\">bin ich auch jederzeit zur Stelle, falls die kleinen Athleten ein Pflaster oder tr\u00f6stende Worte ben\u00f6tigen :-). Ich habe 3 Kinder, von denen 2 als aktive Sportler in der SG Wei\u00dfig Leichtathletik betreiben.<\/span><\/p><p class=\"MsoNormal\">\u00a0<\/p><\/div><div class=\"tmm_scblock\"><\/div><\/div><\/div><\/div><span class=\"tmm_columns_containers_desktop\"><\/span><div class=\"tmm_container\"><div class=\"tmm_member\" style=\"border-top:#333333 solid 5px;\"><div class=\"tmm_textblock\"><div class=\"tmm_names\"><span class=\"tmm_fname\">Katharina<\/span> <span class=\"tmm_lname\">Grobitzsch<\/span><\/div><div class=\"tmm_job\">Trainerin<\/div><div class=\"tmm_desc\" style=\"text-align:center\"><p>Jahrgang: 1998<\/p><p>Qualifikation C-Lizenz Leichtathletik (Leistungssport)<\/p><\/div><div class=\"tmm_scblock\"><\/div><\/div><\/div><span class=\"tmm_two_containers_tablet\"><\/span><div class=\"tmm_member\" style=\"border-top:#333333 solid 5px;\"><div class=\"tmm_textblock\"><div class=\"tmm_names\"><span class=\"tmm_fname\">Smilla<\/span> <span class=\"tmm_lname\">Brackhage<\/span><\/div><div class=\"tmm_job\">Assistentin<\/div><div class=\"tmm_desc\" style=\"text-align:center\"><p>Jahrgang: 2008<\/p><\/div><div class=\"tmm_scblock\"><\/div><\/div><\/div><div style=\"clear:both;\"><\/div><\/div><\/div><\/div>\n","protected":false},"excerpt":{"rendered":"","protected":false},"author":1,"featured_media":0,"parent":0,"menu_order":0,"comment_status":"closed","ping_status":"closed","template":"","meta":{"give_campaign_id":0,"cybocfi_hide_featured_image":"","footnotes":""},"class_list":["post-1754","page","type-page","status-publish","hentry"],"campaignId":"","meta_box":{"imic_strict_no_header":"0","imic_page_topbar_show":"","imic_page_specific_header":"","imic_page_logo_image":[],"imic_page_retina_logo_image":[],"imic_page_retina_logo_image_width":"","imic_page_retina_logo_image_height":"","imic_page_layout":"","imic_content_width":"","imic_content_padding_top":"","imic_content_padding_bottom":"","imic_pages_body_bg_color":"","imic_pages_body_bg_image":[],"imic_pages_body_bg_wide":"1","imic_pages_body_bg_repeat":"repeat","imic_pages_content_bg_color":"","imic_pages_content_bg_image":[],"imic_pages_content_bg_wide":"1","imic_pages_content_bg_repeat":"repeat","imic_page_header_show":"1","imic_pages_Choose_slider_display":"0","imic_header_image":[],"imic_pages_select_revolution_from_list":"1","imic_pages_select_smart_from_list":"","imic_pages_slider_height":"","imic_pages_slider_image":[],"imic_pages_slider_auto_slide":"yes","imic_pages_slider_speed":"","imic_pages_slider_pagination":"yes","imic_pages_slider_direction_arrows":"yes","imic_pages_slider_effects":"fade","imic_pages_banner_color":"","imic_pages_breadcrumb_show":"1","imic_pages_title_show":"1","imic_pages_banner_bg_color":"","imic_post_page_custom_title":"","imic_pages_banner_text_color":"","imic_pages_title_alignment":"","imic_page_social_share":"1","imic_select_sidebar_from_list":"","imic_select_sidebar_position":"","imic_contact_email":"martin_jakob@gmx.de","imic_contact_subject":"","imic_our_location_text":"","imic_contact_map_display":"no","imic_contact_map_box_code":"","imic_Choose_slider_display":"0","imic_select_smart_from_list":"","imic_select_revolution_from_list":"1","imic_slider_image":[],"imic_slider_auto_slide":"yes","imic_slider_speed":"","imic_slider_pagination":"yes","imic_slider_direction_arrows":"yes","imic_slider_effects":"fade","imic_switch_categories_post":"1","imic_category_to_show_on_home":["126"],"imic_number_of_post_cat":[],"imic_upcoming_area":"1","imic_latest_sermon_events_to_show_on":"letest_event","imic_custom_text_message":"","imic_advanced_event_taxonomy":[],"imic_going_on_events":"1","imic_custom_going_on_events_title":"","imic_advanced_sermons_category":[],"imic_all_event_sermon_url":"","imic_imic_featured_blocks":"1","imic_home_featured_blocks":"","imic_home_row_featured_blocks":[],"imic_home_featured_blocks1":"","imic_home_featured_blocks2":"","imic_home_featured_blocks3":"","imic_imic_upcoming_events":"1","imic_upcoming_event_taxonomy":[],"imic_custom_upcoming_events_title":"","imic_events_to_show_on":"","imic_imic_recent_posts":"1","imic_recent_post_taxonomy":[],"imic_custom_latest_news_title":"","imic_posts_to_show_on":"","imic_recent_posts_rmbutton":"2","imic_recent_posts_rmbutton_text":"","imic_imic_galleries":"1","imic_home_gallery_taxonomy":[],"imic_custom_gallery_title":"","imic_custom_more_galleries_title":"","imic_custom_more_galleries_url":"","imic_galleries_to_show_on":"","imic_galleries_background_image":[],"imic_switch_sermon_album":"1","imic_custom_albums_title":"","imic_number_of_sermon_albums":"","imic_sermon_albums_url":"","imic_gallery_pagination_to_show_on":"","imic_gallery_pagination_columns_layout":"","imic_show_gallery_title":"0","imic_gallery_masonry_to_show_on":"","imic_show_gallery_title_masonry":"0","imic_gallery_filter_columns_layout":"3","imic_show_gallery_title_filter":"0","imic_advanced_gallery_taxonomy":[],"imic_advanced_event_list_taxonomy":[],"imic_advanced_post_taxonomy":[],"imic_advanced_blog_taxonomy":[],"imic_staff_to_show_on":"","imic_staff_grid_column":"4","imic_advanced_staff_taxonomy":[],"imic_staff_select_orderby":"ID","imic_staff_select_order":"ASC","imic_staff_excerpt_length":"","imic_events_timeline_view":"future","imic_event_timeline_per_page":"","imic_blog_masonry_thumbnails":"0","imic_albums_select_orderby":"count","imic_albums_select_order":"ASC","imic_sermon_categories_custom_order":["158"]},"_links":{"self":[{"href":"https:\/\/www.sgwla.de\/index.php\/wp-json\/wp\/v2\/pages\/1754","targetHints":{"allow":["GET"]}}],"collection":[{"href":"https:\/\/www.sgwla.de\/index.php\/wp-json\/wp\/v2\/pages"}],"about":[{"href":"https:\/\/www.sgwla.de\/index.php\/wp-json\/wp\/v2\/types\/page"}],"author":[{"embeddable":true,"href":"https:\/\/www.sgwla.de\/index.php\/wp-json\/wp\/v2\/users\/1"}],"replies":[{"embeddable":true,"href":"https:\/\/www.sgwla.de\/index.php\/wp-json\/wp\/v2\/comments?post=1754"}],"version-history":[{"count":5,"href":"https:\/\/www.sgwla.de\/index.php\/wp-json\/wp\/v2\/pages\/1754\/revisions"}],"predecessor-version":[{"id":5997,"href":"https:\/\/www.sgwla.de\/index.php\/wp-json\/wp\/v2\/pages\/1754\/revisions\/5997"}],"wp:attachment":[{"href":"https:\/\/www.sgwla.de\/index.php\/wp-json\/wp\/v2\/media?parent=1754"}],"curies":[{"name":"wp","href":"https:\/\/api.w.org\/{rel}","templated":true}]}}