{"id":1751,"date":"2019-01-12T12:39:36","date_gmt":"2019-01-12T12:39:36","guid":{"rendered":"http:\/\/www.sgwla.de\/?page_id=1751"},"modified":"2023-01-22T13:32:11","modified_gmt":"2023-01-22T13:32:11","slug":"abteilungsfuhrung","status":"publish","type":"page","link":"https:\/\/www.sgwla.de\/index.php\/abteilungsfuhrung\/","title":{"rendered":"Abteilungsf\u00fchrung"},"content":{"rendered":"<div class=\"tmm tmm_abteilungsleitung\"><div class=\"tmm_3_columns tmm_wrap tmm_theme_f\"><span class=\"tmm_two_containers_tablet\"><\/span><div class=\"tmm_container\"><div class=\"tmm_member\" style=\"border-top:#333333 solid 5px;\"><div class=\"tmm_photo tmm_pic_abteilungsleitung_0\" style=\"background: url(http:\/\/www.sgwla.de\/wp-content\/uploads\/2019\/01\/Sebastian.jpg); margin-left: auto; margin-right:auto; background-size:cover !important;\"><\/div><div class=\"tmm_textblock\"><div class=\"tmm_names\"><span class=\"tmm_fname\">Sebastian<\/span> <span class=\"tmm_lname\">Plotz<\/span><\/div><div class=\"tmm_job\">Abteilungsleiter<\/div><div class=\"tmm_desc\" style=\"text-align:center\"><p>Kontakt: trainingsinfo@sgwla.de<\/p><p>Jahrgang: 1975<\/p><p>Qualifikationen: B Lizenz - Sport in der Pr\u00e4vention, C Lizenz Leichtathletik (Leitungssport) und Obmann, C Lizenz Breitensport\/DOSB Pr\u00fcfer sowie DLRG Rettungsschwimmer.<\/p><p>Beruf: Diplom-P\u00e4dagoge<\/p><p>Sprachen: Deutsch, Englisch und Franz\u00f6sisch<\/p><p>Wer bin ich: Trainer der Teen und aktiver Leichtathlet. Gerne vermittle ich mein Wissen an Jugendliche, die Spa\u00df an der Bewegung haben.<\/p><\/div><div class=\"tmm_scblock\"><\/div><\/div><\/div><div class=\"tmm_member\" style=\"border-top:#333333 solid 5px;\"><div class=\"tmm_photo tmm_pic_abteilungsleitung_1\" style=\"background: url(http:\/\/www.sgwla.de\/wp-content\/uploads\/2019\/01\/J\u00f6rgWihe.jpg); margin-left: auto; margin-right:auto; background-size:cover !important;\"><\/div><div class=\"tmm_textblock\"><div class=\"tmm_names\"><span class=\"tmm_fname\">J\u00f6rg<\/span> <span class=\"tmm_lname\">Weihe<\/span><\/div><div class=\"tmm_job\">1. stellvertretender Abteilungsleiter<\/div><div class=\"tmm_desc\" style=\"text-align:center\"><p>Jahrgang: 1964<\/p><p>Qualifikationen: C Lizenz Breitensport\/DOSB Pr\u00fcfer, C Lizenz Leichtathletik (Leistungssport)<\/p><p>Wer bin ich: Leichtathlet seit meiner Kindheit. Meine Lieblingsdisziplin Halbmarathon bietet einen sch\u00f6nen Ausgleich zu meiner T\u00e4tigkeit als Jurist in der s\u00e4chsischen Staatsverwaltung. Mein Ziel ist es, den Kindern und Jugendlichen die Freude an der Leichtathletik zu vermitteln und sie bei der Entwicklung ihrer konditionellen sowie koordinativen F\u00e4higkeiten zu unterst\u00fctzen.<\/p><\/div><div class=\"tmm_scblock\"><\/div><\/div><\/div><span class=\"tmm_two_containers_tablet\"><\/span><div class=\"tmm_member\" style=\"border-top:#333333 solid 5px;\"><div class=\"tmm_photo tmm_pic_abteilungsleitung_2\" style=\"background: url(http:\/\/www.sgwla.de\/wp-content\/uploads\/2023\/01\/Webseite_Erik.png); margin-left: auto; margin-right:auto; background-size:cover !important;\"><\/div><div class=\"tmm_textblock\"><div class=\"tmm_names\"><span class=\"tmm_fname\">Erik<\/span> <span class=\"tmm_lname\">Ketzmerick<\/span><\/div><div class=\"tmm_job\">Jugendwart<\/div><div class=\"tmm_desc\" style=\"text-align:center\"><p>Kontakt: jugend@sgwla.de<\/p><p>Jahrgang: 1995<\/p><p>Qualifikationen:<\/p><div class=\"page\" title=\"Page 1\"><div class=\"layoutArea\"><div class=\"column\"><p>Qualifikationen: C-Lizenz Leichtathletik Leistungssport, DOSB-Lizenz-C Breitensport, DOSB Pr\u00fcfer<\/p><\/div><\/div><\/div><p>Beruf: Entwicklungsingenieur Kfz<\/p><p>Wer bin ich: Sportbegeisterter Athlet und Trainer, mit gro\u00dfer Leidenschaft Leichtathletik. Seit 2015 bin ich als Trainer bei der SG Wei\u00dfig t\u00e4tig und trainiere meist auch als Athlet mit. Davor war ich bereits in meiner Jugend von 2006 bis 2012 in der damaligen Leichtathletikgruppe der SG Wei\u00dfig aktiv. Es macht mir gro\u00dfe Freude die Entwicklung der Kinder &amp; Jugendlichen zu sehen und zu f\u00f6rdern. Dabei ist mir der Spa\u00df beim Sport besonders wichtig, die Anstrengung darf aber auch nicht zu kurz kommen.<\/p><\/div><div class=\"tmm_scblock\"><\/div><\/div><\/div><\/div><span class=\"tmm_columns_containers_desktop\"><\/span><div class=\"tmm_container\"><div class=\"tmm_member\" style=\"border-top:#333333 solid 5px;\"><div class=\"tmm_textblock\"><div class=\"tmm_names\"><span class=\"tmm_fname\">Katrin<\/span> <span class=\"tmm_lname\">Plotz<\/span><\/div><div class=\"tmm_job\">2. stellvertretende Abteilungsleiterin und Kassenwart<\/div><div class=\"tmm_desc\" style=\"text-align:center\"><p>Kontakt: leichtathletik-sgw@gmx.de<\/p><\/div><div class=\"tmm_scblock\"><\/div><\/div><\/div><span class=\"tmm_two_containers_tablet\"><\/span><div class=\"tmm_member\" style=\"border-top:#333333 solid 5px;\"><div class=\"tmm_textblock\"><div class=\"tmm_names\"><span class=\"tmm_fname\">Evelyn<\/span> <span class=\"tmm_lname\">Henze<\/span><\/div><div class=\"tmm_job\">Wettkampfanmeldung<\/div><div class=\"tmm_desc\" style=\"text-align:center\"><p>Kontakt: wettkampf@sgwla.de<\/p><\/div><div class=\"tmm_scblock\"><\/div><\/div><\/div><div class=\"tmm_member\" style=\"border-top:#333333 solid 5px;\"><div class=\"tmm_textblock\"><div class=\"tmm_names\"><span class=\"tmm_fname\">Katharina<\/span> <span class=\"tmm_lname\">Grobitzsch<\/span><\/div><div class=\"tmm_job\">Jugendw\u00e4rtin<\/div><div class=\"tmm_scblock\"><\/div><\/div><\/div><div style=\"clear:both;\"><\/div><\/div><\/div><\/div>\n","protected":false},"excerpt":{"rendered":"","protected":false},"author":1,"featured_media":0,"parent":0,"menu_order":0,"comment_status":"closed","ping_status":"closed","template":"","meta":{"give_campaign_id":0,"cybocfi_hide_featured_image":"","footnotes":""},"class_list":["post-1751","page","type-page","status-publish","hentry"],"campaignId":"","meta_box":{"imic_strict_no_header":"","imic_page_topbar_show":"","imic_page_specific_header":"","imic_page_logo_image":[],"imic_page_retina_logo_image":[],"imic_page_retina_logo_image_width":"","imic_page_retina_logo_image_height":"","imic_page_layout":"","imic_content_width":"","imic_content_padding_top":"","imic_content_padding_bottom":"","imic_pages_body_bg_color":"","imic_pages_body_bg_image":[],"imic_pages_body_bg_wide":"","imic_pages_body_bg_repeat":"","imic_pages_content_bg_color":"","imic_pages_content_bg_image":[],"imic_pages_content_bg_wide":"","imic_pages_content_bg_repeat":"","imic_page_header_show":"","imic_pages_Choose_slider_display":"0","imic_header_image":[],"imic_pages_select_revolution_from_list":"[rev_slider alias=\\\"newslider2014\\\"]","imic_pages_select_smart_from_list":"","imic_pages_slider_height":"","imic_pages_slider_image":[],"imic_pages_slider_auto_slide":"yes","imic_pages_slider_speed":"","imic_pages_slider_pagination":"yes","imic_pages_slider_direction_arrows":"yes","imic_pages_slider_effects":"fade","imic_pages_banner_color":"","imic_pages_breadcrumb_show":"","imic_pages_title_show":"","imic_pages_banner_bg_color":"","imic_post_page_custom_title":"","imic_pages_banner_text_color":"","imic_pages_title_alignment":"","imic_page_social_share":"","imic_select_sidebar_from_list":"","imic_select_sidebar_position":"","imic_contact_email":"martin_jakob@gmx.de","imic_contact_subject":"","imic_our_location_text":"","imic_contact_map_display":"no","imic_contact_map_box_code":"","imic_Choose_slider_display":"0","imic_select_smart_from_list":"","imic_select_revolution_from_list":"[rev_slider alias=\\\"newslider2014\\\"]","imic_slider_image":[],"imic_slider_auto_slide":"yes","imic_slider_speed":"","imic_slider_pagination":"yes","imic_slider_direction_arrows":"yes","imic_slider_effects":"fade","imic_switch_categories_post":"1","imic_category_to_show_on_home":["126"],"imic_number_of_post_cat":[],"imic_upcoming_area":"1","imic_latest_sermon_events_to_show_on":"letest_event","imic_custom_text_message":"","imic_advanced_event_taxonomy":[],"imic_going_on_events":"1","imic_custom_going_on_events_title":"","imic_advanced_sermons_category":[],"imic_all_event_sermon_url":"","imic_imic_featured_blocks":"1","imic_home_featured_blocks":"","imic_home_row_featured_blocks":[],"imic_home_featured_blocks1":"","imic_home_featured_blocks2":"","imic_home_featured_blocks3":"","imic_imic_upcoming_events":"1","imic_upcoming_event_taxonomy":[],"imic_custom_upcoming_events_title":"","imic_events_to_show_on":"","imic_imic_recent_posts":"1","imic_recent_post_taxonomy":[],"imic_custom_latest_news_title":"","imic_posts_to_show_on":"","imic_recent_posts_rmbutton":"2","imic_recent_posts_rmbutton_text":"","imic_imic_galleries":"1","imic_home_gallery_taxonomy":[],"imic_custom_gallery_title":"","imic_custom_more_galleries_title":"","imic_custom_more_galleries_url":"","imic_galleries_to_show_on":"","imic_galleries_background_image":[],"imic_switch_sermon_album":"1","imic_custom_albums_title":"","imic_number_of_sermon_albums":"","imic_sermon_albums_url":"","imic_gallery_pagination_to_show_on":"","imic_gallery_pagination_columns_layout":"","imic_show_gallery_title":"0","imic_gallery_masonry_to_show_on":"","imic_show_gallery_title_masonry":"0","imic_gallery_filter_columns_layout":"3","imic_show_gallery_title_filter":"0","imic_advanced_gallery_taxonomy":[],"imic_advanced_event_list_taxonomy":[],"imic_advanced_post_taxonomy":[],"imic_advanced_blog_taxonomy":[],"imic_staff_to_show_on":"","imic_staff_grid_column":"","imic_advanced_staff_taxonomy":[],"imic_staff_select_orderby":"ID","imic_staff_select_order":"","imic_staff_excerpt_length":"","imic_events_timeline_view":"future","imic_event_timeline_per_page":"","imic_blog_masonry_thumbnails":"0","imic_albums_select_orderby":"count","imic_albums_select_order":"ASC","imic_sermon_categories_custom_order":["158"]},"_links":{"self":[{"href":"https:\/\/www.sgwla.de\/index.php\/wp-json\/wp\/v2\/pages\/1751","targetHints":{"allow":["GET"]}}],"collection":[{"href":"https:\/\/www.sgwla.de\/index.php\/wp-json\/wp\/v2\/pages"}],"about":[{"href":"https:\/\/www.sgwla.de\/index.php\/wp-json\/wp\/v2\/types\/page"}],"author":[{"embeddable":true,"href":"https:\/\/www.sgwla.de\/index.php\/wp-json\/wp\/v2\/users\/1"}],"replies":[{"embeddable":true,"href":"https:\/\/www.sgwla.de\/index.php\/wp-json\/wp\/v2\/comments?post=1751"}],"version-history":[{"count":2,"href":"https:\/\/www.sgwla.de\/index.php\/wp-json\/wp\/v2\/pages\/1751\/revisions"}],"predecessor-version":[{"id":5088,"href":"https:\/\/www.sgwla.de\/index.php\/wp-json\/wp\/v2\/pages\/1751\/revisions\/5088"}],"wp:attachment":[{"href":"https:\/\/www.sgwla.de\/index.php\/wp-json\/wp\/v2\/media?parent=1751"}],"curies":[{"name":"wp","href":"https:\/\/api.w.org\/{rel}","templated":true}]}}